{"id":418,"date":"2025-01-16T21:16:31","date_gmt":"2025-01-16T21:16:31","guid":{"rendered":"https:\/\/www.weinbaurohrer.at\/?page_id=418"},"modified":"2025-01-16T21:16:34","modified_gmt":"2025-01-16T21:16:34","slug":"agb","status":"publish","type":"page","link":"https:\/\/www.weinbaurohrer.at\/?page_id=418","title":{"rendered":"AGB"},"content":{"rendered":"\n<h3 class=\"wp-block-heading\"><strong>Preise<\/strong><\/h3>\n\n\n\n<p>Alle angegebenen Preise verstehen sich ab Hof in Euro und beinhalten s\u00e4mtliche gesetzlichen Steuern und Abgaben.<\/p>\n\n\n\n<h3 class=\"wp-block-heading\"><strong>Zahlungshinweise<\/strong><\/h3>\n\n\n\n<p>Die Bezahlung der bestellten Weine erfolgt per Vorauskasse.<br>Eine Aufrechnung von m\u00f6glichen Gegenforderungen durch die Kundin \/ den Kunden ist ausgeschlossen.<br>Schadenersatzanspr\u00fcche wegen Nichterf\u00fcllung oder teilweiser Erf\u00fcllung des Vertrags sind nicht zul\u00e4ssig.<\/p>\n\n\n\n<h3 class=\"wp-block-heading\"><strong>Hauszustellung<\/strong><\/h3>\n\n\n\n<p>Die Lieferung erfolgt in speziellen Weinkartons in der Regel innerhalb von drei Werktagen nach Auftragsbest\u00e4tigung.<br>Die Versandkosten f\u00fcr \u00d6sterreich und Deutschland sind der nachfolgenden \u00dcbersicht zu entnehmen. F\u00fcr den Versand in andere L\u00e4nder m\u00fcssen die Kosten gesondert vereinbart werden.  <\/p>\n\n\n\n<h3 class=\"wp-block-heading\"><strong>Lieferung &amp; Versandkosten<\/strong><\/h3>\n\n\n\n<p>Der Versand erfolgt mit DPD. Die Versandkosten ab dem 1.1.2024 betragen:<\/p>\n\n\n\n<h4 class=\"wp-block-heading\"><strong>\u00d6sterreich<\/strong><\/h4>\n\n\n\n<ul class=\"wp-block-list\">\n<li>12er-Karton: \u20ac 11,00<\/li>\n\n\n\n<li>6er-Karton: \u20ac 9,00<\/li>\n<\/ul>\n\n\n\n<h4 class=\"wp-block-heading\"><strong>Deutschland<\/strong><\/h4>\n\n\n\n<ul class=\"wp-block-list\">\n<li>12er-Karton: \u20ac 20,00*<\/li>\n\n\n\n<li>6er-Karton: \u20ac 16,00*<\/li>\n<\/ul>\n\n\n\n<h3 class=\"wp-block-heading\"><strong>Auftragsannahme<\/strong><\/h3>\n\n\n\n<p>Ein Auftrag gilt erst nach unserer schriftlichen Best\u00e4tigung per E-Mail oder einem telefonischen R\u00fcckruf als angenommen. Mit der Absendung der Bestellung akzeptieren Sie unsere AGB.<br>Sollte eine Lieferung aus irgendeinem Grund nicht m\u00f6glich sein, behalten wir uns das Recht vor, vom Auftrag zur\u00fcckzutreten. Die angegebenen Lieferzeiten sind unverbindlich.<br>Wir \u00fcbernehmen keine Haftung f\u00fcr Sch\u00e4den, die durch unvorhergesehene Ereignisse zu Lieferverz\u00f6gerungen oder Ausf\u00e4llen f\u00fchren.<\/p>\n\n\n\n<h3 class=\"wp-block-heading\"><strong>Angebot<\/strong><\/h3>\n\n\n\n<p>Unser Angebot ist unverbindlich und freibleibend. Die angegebenen Preise gelten zum Zeitpunkt Ihres Website-Besuchs. Falls ein bestellter Wein nicht oder nicht in der gew\u00fcnschten Menge verf\u00fcgbar ist, informieren wir Sie umgehend per E-Mail oder telefonisch.<\/p>\n\n\n\n<h3 class=\"wp-block-heading\"><strong>Gefahren\u00fcbernahme<\/strong><\/h3>\n\n\n\n<p>Das Transportrisiko geht ab Verlassen unseres Kellers auf den Spediteur \u00fcber. Bitte \u00fcberpr\u00fcfen Sie die Ware sofort bei Anlieferung auf Vollst\u00e4ndigkeit und m\u00f6gliche Transportsch\u00e4den.<br>Etwaige Sch\u00e4den m\u00fcssen direkt bei der Annahme reklamiert und uns umgehend per E-Mail gemeldet werden. Sp\u00e4tere Reklamationen k\u00f6nnen nicht ber\u00fccksichtigt werden.<\/p>\n\n\n\n<h3 class=\"wp-block-heading\"><strong>Gew\u00e4hrleistung<\/strong><\/h3>\n\n\n\n<p>Falls Sie sich bei Ihrer Bestellung vertan haben, k\u00f6nnen Sie unge\u00f6ffnete Weine innerhalb von 30 Tagen auf eigene Kosten an uns zur\u00fccksenden.<br>Wir \u00fcbernehmen keine Haftung f\u00fcr Sch\u00e4den oder Verluste, die durch die Nutzung der Website oder den Kauf von Produkten im Online-Shop entstehen.<br>Sollten einzelne Bestimmungen dieser Bedingungen unwirksam sein, bleibt die G\u00fcltigkeit der \u00fcbrigen Regelungen unber\u00fchrt.<\/p>\n\n\n\n<h3 class=\"wp-block-heading\"><strong>Eigentumsvorbehalt<\/strong><\/h3>\n\n\n\n<p>Bis zur vollst\u00e4ndigen Bezahlung bleibt die gelieferte Ware Eigentum von Weinbau Fam. Hans Rohrer. Dritten gegen\u00fcber ist auf unser Eigentumsrecht hinzuweisen.<br>Erf\u00fcllungsort f\u00fcr Lieferung und Zahlung ist Lutzmannsburg, der Gerichtsstand ist Oberpullendorf. Es gilt das \u00f6sterreichische Recht.<\/p>\n","protected":false},"excerpt":{"rendered":"<p>Preise Alle angegebenen Preise verstehen sich ab Hof in Euro und beinhalten s\u00e4mtliche gesetzlichen Steuern und Abgaben. Zahlungshinweise Die Bezahlung der bestellten Weine erfolgt per Vorauskasse.Eine Aufrechnung von m\u00f6glichen Gegenforderungen [&hellip;]<\/p>\n","protected":false},"author":1,"featured_media":0,"parent":0,"menu_order":0,"comment_status":"closed","ping_status":"closed","template":"","meta":{"footnotes":""},"class_list":["post-418","page","type-page","status-publish","hentry"],"yoast_head":"<!-- This site is optimized with the Yoast SEO plugin v25.9 - https:\/\/yoast.com\/wordpress\/plugins\/seo\/ -->\n<title>AGB -<\/title>\n<meta name=\"robots\" content=\"index, follow, max-snippet:-1, max-image-preview:large, max-video-preview:-1\" \/>\n<link rel=\"canonical\" href=\"https:\/\/www.weinbaurohrer.at\/?page_id=418\" \/>\n<meta property=\"og:locale\" content=\"de_DE\" \/>\n<meta property=\"og:type\" content=\"article\" \/>\n<meta property=\"og:title\" content=\"AGB -\" \/>\n<meta property=\"og:description\" content=\"Preise Alle angegebenen Preise verstehen sich ab Hof in Euro und beinhalten s\u00e4mtliche gesetzlichen Steuern und Abgaben. Zahlungshinweise Die Bezahlung der bestellten Weine erfolgt per Vorauskasse.Eine Aufrechnung von m\u00f6glichen Gegenforderungen [&hellip;]\" \/>\n<meta property=\"og:url\" content=\"https:\/\/www.weinbaurohrer.at\/?page_id=418\" \/>\n<meta property=\"article:modified_time\" content=\"2025-01-16T21:16:34+00:00\" \/>\n<meta name=\"twitter:card\" content=\"summary_large_image\" \/>\n<meta name=\"twitter:label1\" content=\"Gesch\u00e4tzte Lesezeit\" \/>\n\t<meta name=\"twitter:data1\" content=\"3\u00a0Minuten\" \/>\n<script type=\"application\/ld+json\" class=\"yoast-schema-graph\">{\"@context\":\"https:\/\/schema.org\",\"@graph\":[{\"@type\":\"WebPage\",\"@id\":\"https:\/\/www.weinbaurohrer.at\/?page_id=418\",\"url\":\"https:\/\/www.weinbaurohrer.at\/?page_id=418\",\"name\":\"AGB -\",\"isPartOf\":{\"@id\":\"https:\/\/www.weinbaurohrer.at\/#website\"},\"datePublished\":\"2025-01-16T21:16:31+00:00\",\"dateModified\":\"2025-01-16T21:16:34+00:00\",\"breadcrumb\":{\"@id\":\"https:\/\/www.weinbaurohrer.at\/?page_id=418#breadcrumb\"},\"inLanguage\":\"de\",\"potentialAction\":[{\"@type\":\"ReadAction\",\"target\":[\"https:\/\/www.weinbaurohrer.at\/?page_id=418\"]}]},{\"@type\":\"BreadcrumbList\",\"@id\":\"https:\/\/www.weinbaurohrer.at\/?page_id=418#breadcrumb\",\"itemListElement\":[{\"@type\":\"ListItem\",\"position\":1,\"name\":\"Startseite\",\"item\":\"https:\/\/www.weinbaurohrer.at\/\"},{\"@type\":\"ListItem\",\"position\":2,\"name\":\"AGB\"}]},{\"@type\":\"WebSite\",\"@id\":\"https:\/\/www.weinbaurohrer.at\/#website\",\"url\":\"https:\/\/www.weinbaurohrer.at\/\",\"name\":\"Weinbau Christian Rohrer\",\"description\":\"\",\"publisher\":{\"@id\":\"https:\/\/www.weinbaurohrer.at\/#organization\"},\"potentialAction\":[{\"@type\":\"SearchAction\",\"target\":{\"@type\":\"EntryPoint\",\"urlTemplate\":\"https:\/\/www.weinbaurohrer.at\/?s={search_term_string}\"},\"query-input\":{\"@type\":\"PropertyValueSpecification\",\"valueRequired\":true,\"valueName\":\"search_term_string\"}}],\"inLanguage\":\"de\"},{\"@type\":\"Organization\",\"@id\":\"https:\/\/www.weinbaurohrer.at\/#organization\",\"name\":\"Weinbau Christian Rohrer\",\"url\":\"https:\/\/www.weinbaurohrer.at\/\",\"logo\":{\"@type\":\"ImageObject\",\"inLanguage\":\"de\",\"@id\":\"https:\/\/www.weinbaurohrer.at\/#\/schema\/logo\/image\/\",\"url\":\"https:\/\/www.weinbaurohrer.at\/wp-content\/uploads\/2025\/01\/cropped-Logo_Weinbau-Christian-Rohrer1.jpg\",\"contentUrl\":\"https:\/\/www.weinbaurohrer.at\/wp-content\/uploads\/2025\/01\/cropped-Logo_Weinbau-Christian-Rohrer1.jpg\",\"width\":1155,\"height\":557,\"caption\":\"Weinbau Christian Rohrer\"},\"image\":{\"@id\":\"https:\/\/www.weinbaurohrer.at\/#\/schema\/logo\/image\/\"}}]}<\/script>\n<!-- \/ Yoast SEO plugin. -->","yoast_head_json":{"title":"AGB -","robots":{"index":"index","follow":"follow","max-snippet":"max-snippet:-1","max-image-preview":"max-image-preview:large","max-video-preview":"max-video-preview:-1"},"canonical":"https:\/\/www.weinbaurohrer.at\/?page_id=418","og_locale":"de_DE","og_type":"article","og_title":"AGB -","og_description":"Preise Alle angegebenen Preise verstehen sich ab Hof in Euro und beinhalten s\u00e4mtliche gesetzlichen Steuern und Abgaben. Zahlungshinweise Die Bezahlung der bestellten Weine erfolgt per Vorauskasse.Eine Aufrechnung von m\u00f6glichen Gegenforderungen [&hellip;]","og_url":"https:\/\/www.weinbaurohrer.at\/?page_id=418","article_modified_time":"2025-01-16T21:16:34+00:00","twitter_card":"summary_large_image","twitter_misc":{"Gesch\u00e4tzte Lesezeit":"3\u00a0Minuten"},"schema":{"@context":"https:\/\/schema.org","@graph":[{"@type":"WebPage","@id":"https:\/\/www.weinbaurohrer.at\/?page_id=418","url":"https:\/\/www.weinbaurohrer.at\/?page_id=418","name":"AGB -","isPartOf":{"@id":"https:\/\/www.weinbaurohrer.at\/#website"},"datePublished":"2025-01-16T21:16:31+00:00","dateModified":"2025-01-16T21:16:34+00:00","breadcrumb":{"@id":"https:\/\/www.weinbaurohrer.at\/?page_id=418#breadcrumb"},"inLanguage":"de","potentialAction":[{"@type":"ReadAction","target":["https:\/\/www.weinbaurohrer.at\/?page_id=418"]}]},{"@type":"BreadcrumbList","@id":"https:\/\/www.weinbaurohrer.at\/?page_id=418#breadcrumb","itemListElement":[{"@type":"ListItem","position":1,"name":"Startseite","item":"https:\/\/www.weinbaurohrer.at\/"},{"@type":"ListItem","position":2,"name":"AGB"}]},{"@type":"WebSite","@id":"https:\/\/www.weinbaurohrer.at\/#website","url":"https:\/\/www.weinbaurohrer.at\/","name":"Weinbau Christian Rohrer","description":"","publisher":{"@id":"https:\/\/www.weinbaurohrer.at\/#organization"},"potentialAction":[{"@type":"SearchAction","target":{"@type":"EntryPoint","urlTemplate":"https:\/\/www.weinbaurohrer.at\/?s={search_term_string}"},"query-input":{"@type":"PropertyValueSpecification","valueRequired":true,"valueName":"search_term_string"}}],"inLanguage":"de"},{"@type":"Organization","@id":"https:\/\/www.weinbaurohrer.at\/#organization","name":"Weinbau Christian Rohrer","url":"https:\/\/www.weinbaurohrer.at\/","logo":{"@type":"ImageObject","inLanguage":"de","@id":"https:\/\/www.weinbaurohrer.at\/#\/schema\/logo\/image\/","url":"https:\/\/www.weinbaurohrer.at\/wp-content\/uploads\/2025\/01\/cropped-Logo_Weinbau-Christian-Rohrer1.jpg","contentUrl":"https:\/\/www.weinbaurohrer.at\/wp-content\/uploads\/2025\/01\/cropped-Logo_Weinbau-Christian-Rohrer1.jpg","width":1155,"height":557,"caption":"Weinbau Christian Rohrer"},"image":{"@id":"https:\/\/www.weinbaurohrer.at\/#\/schema\/logo\/image\/"}}]}},"jetpack_sharing_enabled":true,"_links":{"self":[{"href":"https:\/\/www.weinbaurohrer.at\/index.php?rest_route=\/wp\/v2\/pages\/418","targetHints":{"allow":["GET"]}}],"collection":[{"href":"https:\/\/www.weinbaurohrer.at\/index.php?rest_route=\/wp\/v2\/pages"}],"about":[{"href":"https:\/\/www.weinbaurohrer.at\/index.php?rest_route=\/wp\/v2\/types\/page"}],"author":[{"embeddable":true,"href":"https:\/\/www.weinbaurohrer.at\/index.php?rest_route=\/wp\/v2\/users\/1"}],"replies":[{"embeddable":true,"href":"https:\/\/www.weinbaurohrer.at\/index.php?rest_route=%2Fwp%2Fv2%2Fcomments&post=418"}],"version-history":[{"count":1,"href":"https:\/\/www.weinbaurohrer.at\/index.php?rest_route=\/wp\/v2\/pages\/418\/revisions"}],"predecessor-version":[{"id":419,"href":"https:\/\/www.weinbaurohrer.at\/index.php?rest_route=\/wp\/v2\/pages\/418\/revisions\/419"}],"wp:attachment":[{"href":"https:\/\/www.weinbaurohrer.at\/index.php?rest_route=%2Fwp%2Fv2%2Fmedia&parent=418"}],"curies":[{"name":"wp","href":"https:\/\/api.w.org\/{rel}","templated":true}]}}