{"id":193,"date":"2024-12-06T18:40:20","date_gmt":"2024-12-06T18:40:20","guid":{"rendered":"https:\/\/www.weinbaurohrer.at\/?page_id=193"},"modified":"2025-01-16T19:01:53","modified_gmt":"2025-01-16T19:01:53","slug":"ueber-die-region","status":"publish","type":"page","link":"https:\/\/www.weinbaurohrer.at\/?page_id=193","title":{"rendered":"\u00dcber die Region"},"content":{"rendered":"<style>.kb-row-layout-id193_dfc84e-b9 > .kt-row-column-wrap{align-content:center;}:where(.kb-row-layout-id193_dfc84e-b9 > .kt-row-column-wrap) > .wp-block-kadence-column{justify-content:center;}.kb-row-layout-id193_dfc84e-b9 > .kt-row-column-wrap{column-gap:var(--global-kb-gap-lg, 4rem);row-gap:var(--global-kb-gap-md, 2rem);max-width:1140px;padding-top:var(--global-kb-spacing-4xl, 8rem);padding-bottom:var(--global-kb-spacing-4xl, 8rem);grid-template-columns:minmax(0, 1fr);}.kb-row-layout-id193_dfc84e-b9{background-color:#eee6e6;}.kb-row-layout-id193_dfc84e-b9 > .kt-row-layout-overlay{opacity:0.30;}.kb-row-layout-id193_dfc84e-b9 ,.kb-row-layout-id193_dfc84e-b9 h1,.kb-row-layout-id193_dfc84e-b9 h2,.kb-row-layout-id193_dfc84e-b9 h3,.kb-row-layout-id193_dfc84e-b9 h4,.kb-row-layout-id193_dfc84e-b9 h5,.kb-row-layout-id193_dfc84e-b9 h6{color:var(--global-palette3, #1A202C);}.kb-row-layout-id193_dfc84e-b9 a{color:var(--global-palette1, #3182CE);}.kb-row-layout-id193_dfc84e-b9 a:hover{color:var(--global-palette2, #2B6CB0);}@media all and (max-width: 1024px){.kb-row-layout-id193_dfc84e-b9 > .kt-row-column-wrap{padding-top:var(--global-kb-spacing-4xl, 8rem);grid-template-columns:minmax(0, 1fr);}}@media all and (max-width: 767px){.kb-row-layout-id193_dfc84e-b9 > .kt-row-column-wrap{padding-top:var(--global-kb-spacing-3xl, 6.5rem);padding-bottom:var(--global-kb-spacing-lg, 3rem);grid-template-columns:minmax(0, 1fr);}}<\/style><div class=\"kb-row-layout-wrap kb-row-layout-id193_dfc84e-b9 alignfull kt-row-has-bg wp-block-kadence-rowlayout\"><div class=\"kt-row-column-wrap kt-has-1-columns kt-row-layout-equal kt-tab-layout-inherit kt-mobile-layout-row kt-row-valign-middle kb-theme-content-width\">\n<style>.kadence-column193_f52ace-b6 > .kt-inside-inner-col{display:flex;}.kadence-column193_f52ace-b6 > .kt-inside-inner-col{padding-right:var(--global-kb-spacing-lg, 3rem);}.kadence-column193_f52ace-b6 > .kt-inside-inner-col,.kadence-column193_f52ace-b6 > .kt-inside-inner-col:before{border-top-left-radius:0px;border-top-right-radius:0px;border-bottom-right-radius:0px;border-bottom-left-radius:0px;}.kadence-column193_f52ace-b6 > .kt-inside-inner-col{column-gap:var(--global-kb-gap-sm, 1rem);}.kadence-column193_f52ace-b6 > .kt-inside-inner-col{flex-direction:column;justify-content:center;}.kadence-column193_f52ace-b6 > .kt-inside-inner-col > .aligncenter{width:100%;}.kt-row-column-wrap > .kadence-column193_f52ace-b6{align-self:center;}.kt-inner-column-height-full:not(.kt-has-1-columns) > .wp-block-kadence-column.kadence-column193_f52ace-b6{align-self:auto;}.kt-inner-column-height-full:not(.kt-has-1-columns) > .wp-block-kadence-column.kadence-column193_f52ace-b6 > .kt-inside-inner-col{flex-direction:column;justify-content:center;}.kadence-column193_f52ace-b6 > .kt-inside-inner-col:before{opacity:0.3;}.kadence-column193_f52ace-b6{text-align:center;}.kadence-column193_f52ace-b6{position:relative;}@media all and (max-width: 1024px){.kt-row-column-wrap > .kadence-column193_f52ace-b6{align-self:center;}}@media all and (max-width: 1024px){.kt-inner-column-height-full:not(.kt-has-1-columns) > .wp-block-kadence-column.kadence-column193_f52ace-b6{align-self:auto;}}@media all and (max-width: 1024px){.kt-inner-column-height-full:not(.kt-has-1-columns) > .wp-block-kadence-column.kadence-column193_f52ace-b6 > .kt-inside-inner-col{flex-direction:column;justify-content:center;}}@media all and (max-width: 1024px){.kadence-column193_f52ace-b6 > .kt-inside-inner-col{flex-direction:column;justify-content:center;}}@media all and (max-width: 767px){.kt-row-column-wrap > .kadence-column193_f52ace-b6{align-self:center;}.kt-inner-column-height-full:not(.kt-has-1-columns) > .wp-block-kadence-column.kadence-column193_f52ace-b6{align-self:auto;}.kt-inner-column-height-full:not(.kt-has-1-columns) > .wp-block-kadence-column.kadence-column193_f52ace-b6 > .kt-inside-inner-col{flex-direction:column;justify-content:center;}.kadence-column193_f52ace-b6 > .kt-inside-inner-col{flex-direction:column;justify-content:center;}}<\/style>\n<div class=\"wp-block-kadence-column kadence-column193_f52ace-b6\"><div class=\"kt-inside-inner-col\">\n<p class=\"has-text-align-left\" style=\"padding-right:var(--wp--preset--spacing--50);padding-left:var(--wp--preset--spacing--50)\">Das Mittelburgenland &#8211; der Bezirk Oberpullendorf &#8211; ist von einer au\u00dfergew\u00f6hnlichen Harmonie zwischen Natur und menschlichem Wirken gepr\u00e4gt. Die B\u00f6den, bestehend aus Lehm, L\u00f6ss und Schiefer, bilden die perfekte Grundlage f\u00fcr kr\u00e4ftige, vollmundige Weine. Die vielen Sonnenstunden und die warme, gesch\u00fctzte Lage zwischen den sanften H\u00fcgeln machen die Region zu einem wahren Paradies f\u00fcr Weinreben.<\/p>\n\n\n\n<p class=\"has-text-align-left\" style=\"padding-right:var(--wp--preset--spacing--50);padding-left:var(--wp--preset--spacing--50)\">Neben der Weinlandschaft beeindruckt das Mittelburgenland mit seiner kulturellen Vielfalt und seinen M\u00f6glichkeiten zur Erholung. Zahlreiche Rad- und Wanderwege f\u00fchren durch die malerischen Weinberge und kleinen D\u00f6rfer, w\u00e4hrend Burgen und Schl\u00f6sser die reiche Geschichte der Region erz\u00e4hlen. F\u00fcr Genie\u00dfer gibt es regionale Spezialit\u00e4ten und nat\u00fcrlich unvergessliche Weinerlebnisse bei zahlreichen Weinverkostungen und Kellertouren.<\/p>\n\n\n\n<p class=\"has-text-align-left\" style=\"padding-right:var(--wp--preset--spacing--50);padding-left:var(--wp--preset--spacing--50)\">Im Herzen des Mittelburgenlands, auch bekannt als das &#8222;Blaufr\u00e4nkischland&#8220;, liegt das malerische Lutzmannsburg \u2013 ein Ort, der Tradition und Genuss verbindet. Diese Region ist nicht nur f\u00fcr ihre erstklassigen Rotweine, insbesondere den Blaufr\u00e4nkisch, bekannt, sondern auch f\u00fcr ihre sanften H\u00fcgel, sonnenverw\u00f6hnten Weinberge und ein einzigartiges Mikroklima, das beste Bedingungen f\u00fcr den Weinbau bietet.<\/p>\n\n\n\n<p class=\"has-text-align-left\" style=\"padding-right:var(--wp--preset--spacing--50);padding-left:var(--wp--preset--spacing--50)\">Lutzmannsburg selbst begeistert mit seinem charmanten Ortskern, seiner langen Weinbaugeschichte und seiner herzlichen Gastfreundschaft. Hier, in einer der \u00e4ltesten Weinbaugemeinden \u00d6sterreichs, widmen wir uns mit Leidenschaft dem Handwerk des Weinmachens \u2013 gepr\u00e4gt von der Region, inspiriert von der Natur.<\/p>\n<\/div><\/div>\n\n<\/div><\/div>\n\n\n<p><\/p>\n\n\n\n<figure class=\"wp-block-embed is-type-video is-provider-youtube wp-block-embed-youtube wp-embed-aspect-16-9 wp-has-aspect-ratio\"><div class=\"wp-block-embed__wrapper\">\n<iframe loading=\"lazy\" title=\"Sonnentherme\" width=\"1140\" height=\"641\" src=\"https:\/\/www.youtube.com\/embed\/t5ZdzPhx2rI?feature=oembed\" frameborder=\"0\" allow=\"accelerometer; autoplay; clipboard-write; encrypted-media; gyroscope; picture-in-picture; web-share\" referrerpolicy=\"strict-origin-when-cross-origin\" allowfullscreen><\/iframe>\n<\/div><\/figure>\n\n\n\n<p><\/p>\n\n\n\n<figure class=\"wp-block-embed is-type-video is-provider-youtube wp-block-embed-youtube wp-embed-aspect-16-9 wp-has-aspect-ratio\"><div class=\"wp-block-embed__wrapper\">\n<iframe loading=\"lazy\" title=\"Mittelburgenland-Rosalia, Burgenland Card - grenzenloses Urlaubsvergn\u00fcgen\" width=\"1140\" height=\"641\" src=\"https:\/\/www.youtube.com\/embed\/AjGB6-I3Y4A?feature=oembed\" frameborder=\"0\" allow=\"accelerometer; autoplay; clipboard-write; encrypted-media; gyroscope; picture-in-picture; web-share\" referrerpolicy=\"strict-origin-when-cross-origin\" allowfullscreen><\/iframe>\n<\/div><\/figure>\n\n\n\n<p><\/p>\n\n\n\n<figure class=\"wp-block-image size-full\"><img loading=\"lazy\" decoding=\"async\" width=\"334\" height=\"460\" src=\"https:\/\/www.weinbaurohrer.at\/wp-content\/uploads\/2025\/01\/2025_Markt-der-Erde-Termine_lutzmannsburg.jpg\" alt=\"\" class=\"wp-image-240\" srcset=\"https:\/\/www.weinbaurohrer.at\/wp-content\/uploads\/2025\/01\/2025_Markt-der-Erde-Termine_lutzmannsburg.jpg 334w, https:\/\/www.weinbaurohrer.at\/wp-content\/uploads\/2025\/01\/2025_Markt-der-Erde-Termine_lutzmannsburg-218x300.jpg 218w\" sizes=\"auto, (max-width: 334px) 100vw, 334px\" \/><\/figure>\n\n\n\n<p><\/p>\n","protected":false},"excerpt":{"rendered":"<p>Das Mittelburgenland &#8211; der Bezirk Oberpullendorf &#8211; ist von einer au\u00dfergew\u00f6hnlichen Harmonie zwischen Natur und menschlichem Wirken gepr\u00e4gt. Die B\u00f6den, bestehend aus Lehm, L\u00f6ss und Schiefer, bilden die perfekte Grundlage [&hellip;]<\/p>\n","protected":false},"author":1,"featured_media":0,"parent":93,"menu_order":0,"comment_status":"closed","ping_status":"closed","template":"","meta":{"footnotes":""},"class_list":["post-193","page","type-page","status-publish","hentry"],"yoast_head":"<!-- This site is optimized with the Yoast SEO plugin v25.9 - https:\/\/yoast.com\/wordpress\/plugins\/seo\/ -->\n<title>\u00dcber die Region -<\/title>\n<meta name=\"robots\" content=\"index, follow, max-snippet:-1, max-image-preview:large, max-video-preview:-1\" \/>\n<link rel=\"canonical\" href=\"https:\/\/www.weinbaurohrer.at\/?page_id=193\" \/>\n<meta property=\"og:locale\" content=\"de_DE\" \/>\n<meta property=\"og:type\" content=\"article\" \/>\n<meta property=\"og:title\" content=\"\u00dcber die Region -\" \/>\n<meta property=\"og:description\" content=\"Das Mittelburgenland &#8211; der Bezirk Oberpullendorf &#8211; ist von einer au\u00dfergew\u00f6hnlichen Harmonie zwischen Natur und menschlichem Wirken gepr\u00e4gt. Die B\u00f6den, bestehend aus Lehm, L\u00f6ss und Schiefer, bilden die perfekte Grundlage [&hellip;]\" \/>\n<meta property=\"og:url\" content=\"https:\/\/www.weinbaurohrer.at\/?page_id=193\" \/>\n<meta property=\"article:modified_time\" content=\"2025-01-16T19:01:53+00:00\" \/>\n<meta property=\"og:image\" content=\"https:\/\/www.weinbaurohrer.at\/wp-content\/uploads\/2025\/01\/2025_Markt-der-Erde-Termine_lutzmannsburg.jpg\" \/>\n\t<meta property=\"og:image:width\" content=\"334\" \/>\n\t<meta property=\"og:image:height\" content=\"460\" \/>\n\t<meta property=\"og:image:type\" content=\"image\/jpeg\" \/>\n<meta name=\"twitter:card\" content=\"summary_large_image\" \/>\n<meta name=\"twitter:label1\" content=\"Gesch\u00e4tzte Lesezeit\" \/>\n\t<meta name=\"twitter:data1\" content=\"2\u00a0Minuten\" \/>\n<script type=\"application\/ld+json\" class=\"yoast-schema-graph\">{\"@context\":\"https:\/\/schema.org\",\"@graph\":[{\"@type\":\"WebPage\",\"@id\":\"https:\/\/www.weinbaurohrer.at\/?page_id=193\",\"url\":\"https:\/\/www.weinbaurohrer.at\/?page_id=193\",\"name\":\"\u00dcber die Region -\",\"isPartOf\":{\"@id\":\"https:\/\/www.weinbaurohrer.at\/#website\"},\"primaryImageOfPage\":{\"@id\":\"https:\/\/www.weinbaurohrer.at\/?page_id=193#primaryimage\"},\"image\":{\"@id\":\"https:\/\/www.weinbaurohrer.at\/?page_id=193#primaryimage\"},\"thumbnailUrl\":\"https:\/\/www.weinbaurohrer.at\/wp-content\/uploads\/2025\/01\/2025_Markt-der-Erde-Termine_lutzmannsburg.jpg\",\"datePublished\":\"2024-12-06T18:40:20+00:00\",\"dateModified\":\"2025-01-16T19:01:53+00:00\",\"breadcrumb\":{\"@id\":\"https:\/\/www.weinbaurohrer.at\/?page_id=193#breadcrumb\"},\"inLanguage\":\"de\",\"potentialAction\":[{\"@type\":\"ReadAction\",\"target\":[\"https:\/\/www.weinbaurohrer.at\/?page_id=193\"]}]},{\"@type\":\"ImageObject\",\"inLanguage\":\"de\",\"@id\":\"https:\/\/www.weinbaurohrer.at\/?page_id=193#primaryimage\",\"url\":\"https:\/\/www.weinbaurohrer.at\/wp-content\/uploads\/2025\/01\/2025_Markt-der-Erde-Termine_lutzmannsburg.jpg\",\"contentUrl\":\"https:\/\/www.weinbaurohrer.at\/wp-content\/uploads\/2025\/01\/2025_Markt-der-Erde-Termine_lutzmannsburg.jpg\",\"width\":334,\"height\":460},{\"@type\":\"BreadcrumbList\",\"@id\":\"https:\/\/www.weinbaurohrer.at\/?page_id=193#breadcrumb\",\"itemListElement\":[{\"@type\":\"ListItem\",\"position\":1,\"name\":\"Startseite\",\"item\":\"https:\/\/www.weinbaurohrer.at\/\"},{\"@type\":\"ListItem\",\"position\":2,\"name\":\"About us\",\"item\":\"https:\/\/www.weinbaurohrer.at\/?page_id=93\"},{\"@type\":\"ListItem\",\"position\":3,\"name\":\"\u00dcber die Region\"}]},{\"@type\":\"WebSite\",\"@id\":\"https:\/\/www.weinbaurohrer.at\/#website\",\"url\":\"https:\/\/www.weinbaurohrer.at\/\",\"name\":\"Weinbau Christian Rohrer\",\"description\":\"\",\"publisher\":{\"@id\":\"https:\/\/www.weinbaurohrer.at\/#organization\"},\"potentialAction\":[{\"@type\":\"SearchAction\",\"target\":{\"@type\":\"EntryPoint\",\"urlTemplate\":\"https:\/\/www.weinbaurohrer.at\/?s={search_term_string}\"},\"query-input\":{\"@type\":\"PropertyValueSpecification\",\"valueRequired\":true,\"valueName\":\"search_term_string\"}}],\"inLanguage\":\"de\"},{\"@type\":\"Organization\",\"@id\":\"https:\/\/www.weinbaurohrer.at\/#organization\",\"name\":\"Weinbau Christian Rohrer\",\"url\":\"https:\/\/www.weinbaurohrer.at\/\",\"logo\":{\"@type\":\"ImageObject\",\"inLanguage\":\"de\",\"@id\":\"https:\/\/www.weinbaurohrer.at\/#\/schema\/logo\/image\/\",\"url\":\"https:\/\/www.weinbaurohrer.at\/wp-content\/uploads\/2025\/01\/cropped-Logo_Weinbau-Christian-Rohrer1.jpg\",\"contentUrl\":\"https:\/\/www.weinbaurohrer.at\/wp-content\/uploads\/2025\/01\/cropped-Logo_Weinbau-Christian-Rohrer1.jpg\",\"width\":1155,\"height\":557,\"caption\":\"Weinbau Christian Rohrer\"},\"image\":{\"@id\":\"https:\/\/www.weinbaurohrer.at\/#\/schema\/logo\/image\/\"}}]}<\/script>\n<!-- \/ Yoast SEO plugin. -->","yoast_head_json":{"title":"\u00dcber die Region -","robots":{"index":"index","follow":"follow","max-snippet":"max-snippet:-1","max-image-preview":"max-image-preview:large","max-video-preview":"max-video-preview:-1"},"canonical":"https:\/\/www.weinbaurohrer.at\/?page_id=193","og_locale":"de_DE","og_type":"article","og_title":"\u00dcber die Region -","og_description":"Das Mittelburgenland &#8211; der Bezirk Oberpullendorf &#8211; ist von einer au\u00dfergew\u00f6hnlichen Harmonie zwischen Natur und menschlichem Wirken gepr\u00e4gt. Die B\u00f6den, bestehend aus Lehm, L\u00f6ss und Schiefer, bilden die perfekte Grundlage [&hellip;]","og_url":"https:\/\/www.weinbaurohrer.at\/?page_id=193","article_modified_time":"2025-01-16T19:01:53+00:00","og_image":[{"width":334,"height":460,"url":"https:\/\/www.weinbaurohrer.at\/wp-content\/uploads\/2025\/01\/2025_Markt-der-Erde-Termine_lutzmannsburg.jpg","type":"image\/jpeg"}],"twitter_card":"summary_large_image","twitter_misc":{"Gesch\u00e4tzte Lesezeit":"2\u00a0Minuten"},"schema":{"@context":"https:\/\/schema.org","@graph":[{"@type":"WebPage","@id":"https:\/\/www.weinbaurohrer.at\/?page_id=193","url":"https:\/\/www.weinbaurohrer.at\/?page_id=193","name":"\u00dcber die Region -","isPartOf":{"@id":"https:\/\/www.weinbaurohrer.at\/#website"},"primaryImageOfPage":{"@id":"https:\/\/www.weinbaurohrer.at\/?page_id=193#primaryimage"},"image":{"@id":"https:\/\/www.weinbaurohrer.at\/?page_id=193#primaryimage"},"thumbnailUrl":"https:\/\/www.weinbaurohrer.at\/wp-content\/uploads\/2025\/01\/2025_Markt-der-Erde-Termine_lutzmannsburg.jpg","datePublished":"2024-12-06T18:40:20+00:00","dateModified":"2025-01-16T19:01:53+00:00","breadcrumb":{"@id":"https:\/\/www.weinbaurohrer.at\/?page_id=193#breadcrumb"},"inLanguage":"de","potentialAction":[{"@type":"ReadAction","target":["https:\/\/www.weinbaurohrer.at\/?page_id=193"]}]},{"@type":"ImageObject","inLanguage":"de","@id":"https:\/\/www.weinbaurohrer.at\/?page_id=193#primaryimage","url":"https:\/\/www.weinbaurohrer.at\/wp-content\/uploads\/2025\/01\/2025_Markt-der-Erde-Termine_lutzmannsburg.jpg","contentUrl":"https:\/\/www.weinbaurohrer.at\/wp-content\/uploads\/2025\/01\/2025_Markt-der-Erde-Termine_lutzmannsburg.jpg","width":334,"height":460},{"@type":"BreadcrumbList","@id":"https:\/\/www.weinbaurohrer.at\/?page_id=193#breadcrumb","itemListElement":[{"@type":"ListItem","position":1,"name":"Startseite","item":"https:\/\/www.weinbaurohrer.at\/"},{"@type":"ListItem","position":2,"name":"About us","item":"https:\/\/www.weinbaurohrer.at\/?page_id=93"},{"@type":"ListItem","position":3,"name":"\u00dcber die Region"}]},{"@type":"WebSite","@id":"https:\/\/www.weinbaurohrer.at\/#website","url":"https:\/\/www.weinbaurohrer.at\/","name":"Weinbau Christian Rohrer","description":"","publisher":{"@id":"https:\/\/www.weinbaurohrer.at\/#organization"},"potentialAction":[{"@type":"SearchAction","target":{"@type":"EntryPoint","urlTemplate":"https:\/\/www.weinbaurohrer.at\/?s={search_term_string}"},"query-input":{"@type":"PropertyValueSpecification","valueRequired":true,"valueName":"search_term_string"}}],"inLanguage":"de"},{"@type":"Organization","@id":"https:\/\/www.weinbaurohrer.at\/#organization","name":"Weinbau Christian Rohrer","url":"https:\/\/www.weinbaurohrer.at\/","logo":{"@type":"ImageObject","inLanguage":"de","@id":"https:\/\/www.weinbaurohrer.at\/#\/schema\/logo\/image\/","url":"https:\/\/www.weinbaurohrer.at\/wp-content\/uploads\/2025\/01\/cropped-Logo_Weinbau-Christian-Rohrer1.jpg","contentUrl":"https:\/\/www.weinbaurohrer.at\/wp-content\/uploads\/2025\/01\/cropped-Logo_Weinbau-Christian-Rohrer1.jpg","width":1155,"height":557,"caption":"Weinbau Christian Rohrer"},"image":{"@id":"https:\/\/www.weinbaurohrer.at\/#\/schema\/logo\/image\/"}}]}},"jetpack_sharing_enabled":true,"_links":{"self":[{"href":"https:\/\/www.weinbaurohrer.at\/index.php?rest_route=\/wp\/v2\/pages\/193","targetHints":{"allow":["GET"]}}],"collection":[{"href":"https:\/\/www.weinbaurohrer.at\/index.php?rest_route=\/wp\/v2\/pages"}],"about":[{"href":"https:\/\/www.weinbaurohrer.at\/index.php?rest_route=\/wp\/v2\/types\/page"}],"author":[{"embeddable":true,"href":"https:\/\/www.weinbaurohrer.at\/index.php?rest_route=\/wp\/v2\/users\/1"}],"replies":[{"embeddable":true,"href":"https:\/\/www.weinbaurohrer.at\/index.php?rest_route=%2Fwp%2Fv2%2Fcomments&post=193"}],"version-history":[{"count":8,"href":"https:\/\/www.weinbaurohrer.at\/index.php?rest_route=\/wp\/v2\/pages\/193\/revisions"}],"predecessor-version":[{"id":410,"href":"https:\/\/www.weinbaurohrer.at\/index.php?rest_route=\/wp\/v2\/pages\/193\/revisions\/410"}],"up":[{"embeddable":true,"href":"https:\/\/www.weinbaurohrer.at\/index.php?rest_route=\/wp\/v2\/pages\/93"}],"wp:attachment":[{"href":"https:\/\/www.weinbaurohrer.at\/index.php?rest_route=%2Fwp%2Fv2%2Fmedia&parent=193"}],"curies":[{"name":"wp","href":"https:\/\/api.w.org\/{rel}","templated":true}]}}